{"id":444,"date":"2021-09-22T13:11:01","date_gmt":"2021-09-22T13:11:01","guid":{"rendered":"https:\/\/torrblas.com\/politica-de-cookies\/"},"modified":"2021-10-14T13:04:41","modified_gmt":"2021-10-14T13:04:41","slug":"cookies-policy","status":"publish","type":"page","link":"https:\/\/torrblas.com\/en\/cookies-policy\/","title":{"rendered":"Cookies policy"},"content":{"rendered":"<p>[vc_row css_animation=&#8221;&#8221; row_type=&#8221;row&#8221; use_row_as_full_screen_section=&#8221;no&#8221; type=&#8221;full_width&#8221; angled_section=&#8221;no&#8221; text_align=&#8221;left&#8221; background_image_as_pattern=&#8221;without_pattern&#8221;][vc_column][vc_column_text]<\/p>\r\n<p>&nbsp;<\/p>\r\n<p>The Website uses cookies to help Users (the \u201cUser\u201d, \u201cUsers\u201d or \u201cYou\u201d) in their browsing and show information of interest to them whenever they visit our Website. The owner of the Website complies with applicable laws that govern the use of cookies, namely Act 34\/2002, of 11 July,on Information Society Services and E-commerce (\u201cECISSA\u201d), transposing Directive209\/136\/EC of 25 November 2009 into Spanish law. Users may find in our Cookie Policy information about the cookies we use, the purposes of their use and the available options tocontrol or delete them.<\/p>\r\n<p><strong>1.- What are cookies?<\/strong><\/p>\r\n<p>A cookie is a file downloaded to your device (computer or mobile device) for the purposes of storing data which may be updated and retrieved by the company that installed them. The information contained in the cookies may include the date and time you visited the Website, the pages visited, the duration of your visit to our Website and the action taken. Depending on the use and the information in the cookies, they may be used to recognise Users.<\/p>\r\n<p><strong>2.- What type of cookies may be used in the Website and for which purposes?<\/strong><\/p>\r\n<p><strong>Lista de cookies<\/strong><\/p>\r\n<p>Una cookie es un fragmento peque\u00f1o de datos (archivos de texto) que un sitio web, cuando es visitado por un usuario, le pregunta a su navegador para almacenarse en su dispositivo y as\u00ed recordar informaci\u00f3n acerca de usted, como por ejemplo la preferencia de idioma o su informaci\u00f3n para iniciar sesi\u00f3n. Estas cookies son establecidas por nosotros, y se llaman cookies de primeras partes. Tambi\u00e9n usamos cookies de terceras partes (que son cookies de un dominio diferente al dominio del sitio web que est\u00e1 visitando) para nuestros estudios de anuncios y marketing. Espec\u00edficamente, usamos las cookies y otras tecnolog\u00edas de seguimiento para los siguientes prop\u00f3sitos:<\/p>\r\n<p><strong>Cookies estrictamente necesarias<\/strong><\/p>\r\n<p>Estas cookies son necesarias para que el sitio web funcione y no se pueden desactivar en nuestros sistemas. Usualmente est\u00e1n configuradas para responder a acciones hechas por usted para recibir servicios, tales como ajustar sus preferencias de privacidad, iniciar sesi\u00f3n en el sitio, o llenar formularios. Usted puede configurar su navegador para bloquear o alertar la presencia de estas cookies, pero algunas partes del sitio web no funcionar\u00e1n. Estas cookies no guardan ninguna informaci\u00f3n personal identificable.<\/p>\r\n<table width=\"1163\">\r\n<thead>\r\n<tr>\r\n<td colspan=\"3\">Cookies estrictamente necesarias<\/td>\r\n<\/tr>\r\n<tr>\r\n<td width=\"260\"><strong>Subgrupo de cookies<\/strong><\/td>\r\n<td><strong>Cookies<\/strong><\/td>\r\n<td width=\"0\"><strong>Cookies utilizadas<\/strong><\/td>\r\n<\/tr>\r\n<\/thead>\r\n<tbody>\r\n<tr>\r\n<td width=\"0\">consolidacion.Torrblas.com<\/td>\r\n<td width=\"0\"><a href=\"https:\/\/cookiepedia.co.uk\/cookies\/PHPSESSID\">PHPSESSID<\/a><\/td>\r\n<td width=\"261\">1st Party<\/td>\r\n<\/tr>\r\n<tr>\r\n<td width=\"0\">Torrblas.com<\/td>\r\n<td width=\"0\"><a href=\"https:\/\/cookiepedia.co.uk\/cookies\/OptanonConsent\">OptanonConsent<\/a>,\u00a0<a href=\"https:\/\/cookiepedia.co.uk\/cookies\/__cfduid\">__cfduid<\/a>,\u00a0<a href=\"https:\/\/cookiepedia.co.uk\/cookies\/eupubconsent\">eupubconsent<\/a>,\u00a0<a href=\"https:\/\/cookiepedia.co.uk\/cookies\/OptanonAlertBoxClosed\">OptanonAlertBoxClosed<\/a><\/td>\r\n<td width=\"261\">1st Party<\/td>\r\n<\/tr>\r\n<tr>\r\n<td width=\"0\"><a href=\"https:\/\/cookiepedia.co.uk\/host\/onetrust.com\">onetrust.com<\/a><\/td>\r\n<td width=\"0\">__cfduid<\/td>\r\n<td width=\"261\">3rd Party<\/td>\r\n<\/tr>\r\n<\/tbody>\r\n<\/table>\r\n<p><strong>Cookies de rendimiento<\/strong><\/p>\r\n<p>Estas cookies nos permiten contar las visitas y fuentes de circulaci\u00f3n para poder medir y mejorar el desempe\u00f1o de nuestro sitio. Nos ayudan a saber qu\u00e9 p\u00e1ginas son las m\u00e1s o menos populares, y ver cu\u00e1ntas personas visitan el sitio. Toda la informaci\u00f3n que recogen estas cookies es agregada y, por lo tanto, an\u00f3nima. Si no permite estas cookies no sabremos cu\u00e1ndo visit\u00f3 nuestro sitio, y por lo tanto no podremos saber cu\u00e1ndo lo visit\u00f3.<\/p>\r\n<table width=\"1163\">\r\n<thead>\r\n<tr>\r\n<td colspan=\"3\">Cookies de rendimiento<\/td>\r\n<\/tr>\r\n<tr>\r\n<td width=\"260\"><strong>Subgrupo de cookies<\/strong><\/td>\r\n<td><strong>Cookies<\/strong><\/td>\r\n<td width=\"0\"><strong>Cookies utilizadas<\/strong><\/td>\r\n<\/tr>\r\n<\/thead>\r\n<tbody>\r\n<tr>\r\n<td width=\"0\">Torrblas.com<\/td>\r\n<td width=\"0\"><a href=\"https:\/\/cookiepedia.co.uk\/cookies\/_gid\">_gid<\/a>,\u00a0<a href=\"https:\/\/cookiepedia.co.uk\/cookies\/_ga\">_ga<\/a><\/td>\r\n<td width=\"261\">1st Party<\/td>\r\n<\/tr>\r\n<\/tbody>\r\n<\/table>\r\n<p><strong>3.- Accepting use of cookies<\/strong><\/p>\r\n<p>When Users visit our Website, a notice is displayed regarding the use of cookies before they start browsing, so that they can accept our Cookie Policy if they click \u201cAccept\u201d on the cookies banner.<\/p>\r\n<p><strong>4.- Storage period and exercise of Rights<\/strong><\/p>\r\n<p>As the owner of the Website automatically gathers information from the Website through cookies, it can collect personal data of Users regarding their device, the use of the Website or their behaviour. This information may include, without limitation, data about language, pages or sections of the Website, key words, date, time, duration of Users\u2019 visit to certain type of pages, IP address,advertising identifier, parts of the page Users have visited and any similar information regardinguse of the Website. The owner<br \/>of the Website can gather such information because it uses cookies.<\/p>\r\n<p>Thus, with regard to such information that identifies or allows identification of Users, the provisions of the Privacy Policy shall apply. Where Users have any doubts about the storage period of personal data gathered through cookies, or wish to exercise the right of access, to rectification, to erasure and\/or to object in accordance with data protection regulations, they may visit our\u00a0<a href=\"https:\/\/www.inveravante.com\/privacy-policy\/?lang=en\">Privacy Policy<\/a>.<\/p>\r\n<p><strong>5.- Disabling and\/or Blocking cookies<\/strong><\/p>\r\n<p>Users may disable cookies at any time and continue browsing; however, such browsing will be limited with regard to certain parts of the website, and it may be blocked at any time. Users can block or disable cookies by activating the setting on their browser that permits them to refuse the setting of all or some cookies. Most browsers allow warning about the presence of cookiesor automatically refuse them. If you refuse them, you can continue using the website; however, use of some of its services may be limited, thus making your browsing experience les satisfactory.<\/p>\r\n<p>If you want to opt out of Google Analytics tracking on all webpages, please visit the following<br \/>link:<br \/><a href=\"https:\/\/tools.google.com\/dlpage\/gaoptout?hl=es.\">https:\/\/tools.google.com\/dlpage\/gaoptout?hl=es.<\/a><\/p>\r\n<p>Unless You have adjusted your browser settings, our system will create cookies whenever You<br \/>visit our Website and accept our Cookie Policy. Remember that all internet browsers allow these<br \/>settings to be changed.<\/p>\r\n<p>For further information on how to adjust cookies settings, depending on the browser You<br \/>regularly use, please visit the relevant links below:<\/p>\r\n<p>Internet Explorer:<br \/><a href=\"https:\/\/support.microsoft.com\/es-es\/help\/17442\/windows-internet-explorer-delete-manage-\">https:\/\/support.microsoft.com\/es-es\/help\/17442\/windows-internet-explorer-delete-manage-<\/a><br \/>cookies<\/p>\r\n<p>Firefox:<br \/><a href=\"https:\/\/support.mozilla.org\/es\/kb\/cookies-informacion-que-los-sitios-web-guardan-en-\">https:\/\/support.mozilla.org\/es\/kb\/cookies-informacion-que-los-sitios-web-guardan-en-<\/a><\/p>\r\n<p>Chrome:<br \/><a href=\"https:\/\/support.google.com\/chrome\/answer\/95647?hl=es\">https:\/\/support.google.com\/chrome\/answer\/95647?hl=es<\/a><\/p>\r\n<p>Safari:<br \/><a href=\"https:\/\/support.apple.com\/kb\/ph21411?locale=es_ES\">https:\/\/support.apple.com\/kb\/ph21411?locale=es_ES<\/a><\/p>\r\n<p>iOS:<br \/><a href=\"https:\/\/support.apple.com\/es-es\/HT201265\">https:\/\/support.apple.com\/es-es\/HT201265<\/a><\/p>\r\n<p>Opera:<br \/><a href=\"http:\/\/help.opera.com\/Mac\/12.10\/es-LA\/cookies.html\">http:\/\/help.opera.com\/Mac\/12.10\/es-LA\/cookies.html<\/a><\/p>\r\n<p><strong>6.- Withdrawal of consent<\/strong><\/p>\r\n<p>You can withdraw at any time your consent regarding the use of cookies you authorise us to do so, You shall remove the cookies stored on your device (computer or mobile device) by adjusting the settings on your internet browser.<\/p>\r\n<p>Please note however that in most cases removal or disabling cookies might affect the functionality of our Website and restrict access to certain parts or services offered through the Website.<\/p>\r\n<p>&nbsp;<\/p>\r\n<p>[\/vc_column_text][\/vc_column][\/vc_row]<\/p>","protected":false},"excerpt":{"rendered":"<p>[vc_row css_animation=&#8221;&#8221; row_type=&#8221;row&#8221; use_row_as_full_screen_section=&#8221;no&#8221; type=&#8221;full_width&#8221; angled_section=&#8221;no&#8221; text_align=&#8221;left&#8221; background_image_as_pattern=&#8221;without_pattern&#8221;][vc_column][vc_column_text] &nbsp; The Website uses cookies to help Users (the \u201cUser\u201d, \u201cUsers\u201d or \u201cYou\u201d) in their browsing and show information of interest to them whenever they visit our Website. The owner of the Website complies with applicable laws&#8230;<\/p>\n","protected":false},"author":1,"featured_media":0,"parent":0,"menu_order":0,"comment_status":"closed","ping_status":"closed","template":"","meta":[],"_links":{"self":[{"href":"https:\/\/torrblas.com\/en\/wp-json\/wp\/v2\/pages\/444"}],"collection":[{"href":"https:\/\/torrblas.com\/en\/wp-json\/wp\/v2\/pages"}],"about":[{"href":"https:\/\/torrblas.com\/en\/wp-json\/wp\/v2\/types\/page"}],"author":[{"embeddable":true,"href":"https:\/\/torrblas.com\/en\/wp-json\/wp\/v2\/users\/1"}],"replies":[{"embeddable":true,"href":"https:\/\/torrblas.com\/en\/wp-json\/wp\/v2\/comments?post=444"}],"version-history":[{"count":4,"href":"https:\/\/torrblas.com\/en\/wp-json\/wp\/v2\/pages\/444\/revisions"}],"predecessor-version":[{"id":461,"href":"https:\/\/torrblas.com\/en\/wp-json\/wp\/v2\/pages\/444\/revisions\/461"}],"wp:attachment":[{"href":"https:\/\/torrblas.com\/en\/wp-json\/wp\/v2\/media?parent=444"}],"curies":[{"name":"wp","href":"https:\/\/api.w.org\/{rel}","templated":true}]}}